{"id":1978,"date":"2020-06-19T07:00:28","date_gmt":"2020-06-19T07:00:28","guid":{"rendered":"https:\/\/smartdata.tonytemplates.com\/bestel\/demo3\/?page_id=1978"},"modified":"2022-11-30T16:02:18","modified_gmt":"2022-11-30T16:02:18","slug":"contact","status":"publish","type":"page","link":"https:\/\/housezarko.com\/?page_id=1978","title":{"rendered":"Contact"},"content":{"rendered":"\t\t<div data-elementor-type=\"wp-page\" data-elementor-id=\"1978\" class=\"elementor elementor-1978\">\n\t\t\t\t\t\t\t\t\t<section class=\"elementor-section elementor-top-section elementor-element elementor-element-2411108 elementor-section-stretched section bg-grey mt-0 elementor-section-boxed elementor-section-height-default elementor-section-height-default\" data-id=\"2411108\" data-element_type=\"section\" data-settings=\"{&quot;stretch_section&quot;:&quot;section-stretched&quot;,&quot;background_background&quot;:&quot;classic&quot;}\">\n\t\t\t\t\t\t<div class=\"elementor-container elementor-column-gap-default\">\n\t\t\t\t\t<div class=\"elementor-column elementor-col-50 elementor-top-column elementor-element elementor-element-2bd09c8\" data-id=\"2bd09c8\" data-element_type=\"column\">\n\t\t\t<div class=\"elementor-widget-wrap elementor-element-populated\">\n\t\t\t\t\t\t\t\t<div class=\"elementor-element elementor-element-d34c107 elementor-widget elementor-widget-sidebar\" data-id=\"d34c107\" data-element_type=\"widget\" data-widget_type=\"sidebar.default\">\n\t\t\t\t<div class=\"elementor-widget-container\">\n\t\t\t<div id=\"smart_contact_list-2\" class=\"contact-us-widget  widget_smart_contact_list\"><h2>Get in Touch<\/h2>\t\t\t<ul class=\"icn-list mt-0 mt-sm-1 mt-xl-4\">\n\t\t\t\t\t\t<li><i class=\"icon-placeholder\"><\/i>Veli put 2 21412, Pu\u010di\u0161\u0107a, Croatia<\/li>\n\t\t\t\n\t\t\t            \n\t\t\t\t<li><i class=\"icon-closed-envelope\"><\/i><a href=\"mailto:info@housezarko.com\">info@housezarko.com<\/a><\/li>\n\t\t\t\t\t\t<\/ul>\n\t\t\t<div class=\"mt-4\"><\/div>\n\t\t\t<div class=\"messengers-list\">              \n\t\t\t\t\t\t\t<a href=\"http:\/\/whatsapp.com\" class=\"link-whatsapp\">\n\t\t\t\t\t<i class=\"icon-whatsapp\" data-toggle=\"tooltip\" data-placement=\"top\" title=\"\" data-original-title=\"Whatsapp\"><\/i>\n\t\t\t\t<\/a>\n\t\t\t\n\t\t\t\t\t\t\t\t\t\t\t\t\n\n\t\t<!--facebook-->\n\t\t\t\t\n\t\t\t<!--twitter-->\n\t\t\t\t\t  \n\t\t\t <!--googleplus-->\n\t\t\t\t\t\t\t\t  <!--instagram-->\n\t\t\t\t\t\n\t\t\t<\/div>\n\n\t\t\t<\/div><div id=\"smart_contact_time-1\" class=\"contact-us-widget  widget_smart_contact_time\"><h4 class=\"title-aside mb-1\">Phone<\/h4>\t\t<ul class=\"icn-list\">\n\t\t\t\t\t<li><i class=\"icon-telephone\"><\/i>\n\t\t\t00 385 98 9843788\t\t<\/li>\n\t\t\n\t\t\t\t<\/ul>\n\t\t<\/div>\t\t<\/div>\n\t\t\t\t<\/div>\n\t\t\t\t\t<\/div>\n\t\t<\/div>\n\t\t\t\t<div class=\"elementor-column elementor-col-50 elementor-top-column elementor-element elementor-element-c64cdf9\" data-id=\"c64cdf9\" data-element_type=\"column\">\n\t\t\t<div class=\"elementor-widget-wrap elementor-element-populated\">\n\t\t\t\t\t\t\t\t<div class=\"elementor-element elementor-element-a64045a elementor-widget elementor-widget-text-editor\" data-id=\"a64045a\" data-element_type=\"widget\" data-widget_type=\"text-editor.default\">\n\t\t\t\t<div class=\"elementor-widget-container\">\n\t\t\t<style>\/*! elementor - v3.9.1 - 14-12-2022 *\/\n.elementor-widget-text-editor.elementor-drop-cap-view-stacked .elementor-drop-cap{background-color:#818a91;color:#fff}.elementor-widget-text-editor.elementor-drop-cap-view-framed .elementor-drop-cap{color:#818a91;border:3px solid;background-color:transparent}.elementor-widget-text-editor:not(.elementor-drop-cap-view-default) .elementor-drop-cap{margin-top:8px}.elementor-widget-text-editor:not(.elementor-drop-cap-view-default) .elementor-drop-cap-letter{width:1em;height:1em}.elementor-widget-text-editor .elementor-drop-cap{float:left;text-align:center;line-height:1;font-size:50px}.elementor-widget-text-editor .elementor-drop-cap-letter{display:inline-block}<\/style>\t\t\t\t<h2>Contact Form<\/h2>\t\t\t\t\t\t<\/div>\n\t\t\t\t<\/div>\n\t\t\t\t<div class=\"elementor-element elementor-element-7bba114 elementor-widget elementor-widget-shortcode\" data-id=\"7bba114\" data-element_type=\"widget\" data-widget_type=\"shortcode.default\">\n\t\t\t\t<div class=\"elementor-widget-container\">\n\t\t\t\t\t<div class=\"elementor-shortcode\">\n<div class=\"wpcf7 no-js\" id=\"wpcf7-f166-o1\" lang=\"en-US\" dir=\"ltr\">\n<div class=\"screen-reader-response\"><p role=\"status\" aria-live=\"polite\" aria-atomic=\"true\"><\/p> <ul><\/ul><\/div>\n<form action=\"\/index.php?rest_route=%2Fwp%2Fv2%2Fpages%2F1978#wpcf7-f166-o1\" method=\"post\" class=\"wpcf7-form init\" aria-label=\"Contact form\" novalidate=\"novalidate\" data-status=\"init\">\n<div style=\"display: none;\">\n<input type=\"hidden\" name=\"_wpcf7\" value=\"166\" \/>\n<input type=\"hidden\" name=\"_wpcf7_version\" value=\"5.7.4\" \/>\n<input type=\"hidden\" name=\"_wpcf7_locale\" value=\"en_US\" \/>\n<input type=\"hidden\" name=\"_wpcf7_unit_tag\" value=\"wpcf7-f166-o1\" \/>\n<input type=\"hidden\" name=\"_wpcf7_container_post\" value=\"0\" \/>\n<input type=\"hidden\" name=\"_wpcf7_posted_data_hash\" value=\"\" \/>\n<input type=\"hidden\" name=\"_wpcf7_recaptcha_response\" value=\"\" \/>\n<\/div>\n<div class=\"mt-15\">\n\t<p><span class=\"wpcf7-form-control-wrap\" data-name=\"your-name\"><input size=\"40\" class=\"wpcf7-form-control wpcf7-text wpcf7-validates-as-required form-control\" aria-required=\"true\" aria-invalid=\"false\" placeholder=\"Your name*\" value=\"\" type=\"text\" name=\"your-name\" \/><\/span>\n\t<\/p>\n<\/div>\n<div class=\"mt-15\">\n\t<p><span class=\"wpcf7-form-control-wrap\" data-name=\"your-email\"><input size=\"40\" class=\"wpcf7-form-control wpcf7-text wpcf7-email wpcf7-validates-as-required wpcf7-validates-as-email form-control\" aria-required=\"true\" aria-invalid=\"false\" placeholder=\"Email*\" value=\"\" type=\"email\" name=\"your-email\" \/><\/span>\n\t<\/p>\n<\/div>\n<div class=\"mt-15\">\n\t<p><span class=\"wpcf7-form-control-wrap\" data-name=\"your-subject\"><input size=\"40\" class=\"wpcf7-form-control wpcf7-text form-control\" aria-invalid=\"false\" placeholder=\"Subject  *\" value=\"\" type=\"text\" name=\"your-subject\" \/><\/span>\n\t<\/p>\n<\/div>\n<div class=\"mt-15\">\n\t<p><span class=\"wpcf7-form-control-wrap\" data-name=\"your-message\"><textarea cols=\"40\" rows=\"10\" class=\"wpcf7-form-control wpcf7-textarea form-control\" aria-invalid=\"false\" placeholder=\"Message\" name=\"your-message\"><\/textarea><\/span>\n\t<\/p>\n<\/div>\n<div class=\"mt-3\">\n\t<p><button type=\"submit\" class=\"btn btn-primary  wpcf7-submit \">SEND MESSAGE<\/button>\n\t<\/p>\n<\/div><p style=\"display: none !important;\" class=\"akismet-fields-container\" data-prefix=\"_wpcf7_ak_\"><label>&#916;<textarea name=\"_wpcf7_ak_hp_textarea\" cols=\"45\" rows=\"8\" maxlength=\"100\"><\/textarea><\/label><input type=\"hidden\" id=\"ak_js_1\" name=\"_wpcf7_ak_js\" value=\"244\"\/><script>document.getElementById( \"ak_js_1\" ).setAttribute( \"value\", ( new Date() ).getTime() );<\/script><\/p><div class=\"wpcf7-response-output\" aria-hidden=\"true\"><\/div>\n<\/form>\n<\/div>\n<\/div>\n\t\t\t\t<\/div>\n\t\t\t\t<\/div>\n\t\t\t\t\t<\/div>\n\t\t<\/div>\n\t\t\t\t\t\t\t<\/div>\n\t\t<\/section>\n\t\t\t\t\t\t\t<\/div>\n\t\t","protected":false},"excerpt":{"rendered":"<p>Contact Form<\/p>\n","protected":false},"author":1,"featured_media":0,"parent":0,"menu_order":0,"comment_status":"closed","ping_status":"closed","template":"","meta":{"footnotes":""},"yoast_head":"<!-- This site is optimized with the Yoast SEO plugin v21.9.1 - https:\/\/yoast.com\/wordpress\/plugins\/seo\/ -->\n<title>Contact - House Zarko<\/title>\n<meta name=\"description\" content=\"Get in Touch, Contact us for more information\" \/>\n<meta name=\"robots\" content=\"index, follow, max-snippet:-1, max-image-preview:large, max-video-preview:-1\" \/>\n<link rel=\"canonical\" href=\"https:\/\/housezarko.com\/?page_id=1978\" \/>\n<meta property=\"og:locale\" content=\"en_US\" \/>\n<meta property=\"og:type\" content=\"article\" \/>\n<meta property=\"og:title\" content=\"Contact - House Zarko\" \/>\n<meta property=\"og:description\" content=\"Get in Touch, Contact us for more information\" \/>\n<meta property=\"og:url\" content=\"https:\/\/housezarko.com\/?page_id=1978\" \/>\n<meta property=\"og:site_name\" content=\"House Zarko\" \/>\n<meta property=\"article:modified_time\" content=\"2022-11-30T16:02:18+00:00\" \/>\n<meta name=\"twitter:card\" content=\"summary_large_image\" \/>\n<meta name=\"twitter:label1\" content=\"Est. reading time\" \/>\n\t<meta name=\"twitter:data1\" content=\"1 minute\" \/>\n<script type=\"application\/ld+json\" class=\"yoast-schema-graph\">{\"@context\":\"https:\/\/schema.org\",\"@graph\":[{\"@type\":\"WebPage\",\"@id\":\"https:\/\/housezarko.com\/?page_id=1978\",\"url\":\"https:\/\/housezarko.com\/?page_id=1978\",\"name\":\"Contact - House Zarko\",\"isPartOf\":{\"@id\":\"https:\/\/housezarko.com\/#website\"},\"datePublished\":\"2020-06-19T07:00:28+00:00\",\"dateModified\":\"2022-11-30T16:02:18+00:00\",\"description\":\"Get in Touch, Contact us for more information\",\"breadcrumb\":{\"@id\":\"https:\/\/housezarko.com\/?page_id=1978#breadcrumb\"},\"inLanguage\":\"en-US\",\"potentialAction\":[{\"@type\":\"ReadAction\",\"target\":[\"https:\/\/housezarko.com\/?page_id=1978\"]}]},{\"@type\":\"BreadcrumbList\",\"@id\":\"https:\/\/housezarko.com\/?page_id=1978#breadcrumb\",\"itemListElement\":[{\"@type\":\"ListItem\",\"position\":1,\"name\":\"Home\",\"item\":\"https:\/\/housezarko.com\/\"},{\"@type\":\"ListItem\",\"position\":2,\"name\":\"Contact\"}]},{\"@type\":\"WebSite\",\"@id\":\"https:\/\/housezarko.com\/#website\",\"url\":\"https:\/\/housezarko.com\/\",\"name\":\"House Zarko\",\"description\":\"\",\"potentialAction\":[{\"@type\":\"SearchAction\",\"target\":{\"@type\":\"EntryPoint\",\"urlTemplate\":\"https:\/\/housezarko.com\/?s={search_term_string}\"},\"query-input\":\"required name=search_term_string\"}],\"inLanguage\":\"en-US\"}]}<\/script>\n<!-- \/ Yoast SEO plugin. -->","yoast_head_json":{"title":"Contact - House Zarko","description":"Get in Touch, Contact us for more information","robots":{"index":"index","follow":"follow","max-snippet":"max-snippet:-1","max-image-preview":"max-image-preview:large","max-video-preview":"max-video-preview:-1"},"canonical":"https:\/\/housezarko.com\/?page_id=1978","og_locale":"en_US","og_type":"article","og_title":"Contact - House Zarko","og_description":"Get in Touch, Contact us for more information","og_url":"https:\/\/housezarko.com\/?page_id=1978","og_site_name":"House Zarko","article_modified_time":"2022-11-30T16:02:18+00:00","twitter_card":"summary_large_image","twitter_misc":{"Est. reading time":"1 minute"},"schema":{"@context":"https:\/\/schema.org","@graph":[{"@type":"WebPage","@id":"https:\/\/housezarko.com\/?page_id=1978","url":"https:\/\/housezarko.com\/?page_id=1978","name":"Contact - House Zarko","isPartOf":{"@id":"https:\/\/housezarko.com\/#website"},"datePublished":"2020-06-19T07:00:28+00:00","dateModified":"2022-11-30T16:02:18+00:00","description":"Get in Touch, Contact us for more information","breadcrumb":{"@id":"https:\/\/housezarko.com\/?page_id=1978#breadcrumb"},"inLanguage":"en-US","potentialAction":[{"@type":"ReadAction","target":["https:\/\/housezarko.com\/?page_id=1978"]}]},{"@type":"BreadcrumbList","@id":"https:\/\/housezarko.com\/?page_id=1978#breadcrumb","itemListElement":[{"@type":"ListItem","position":1,"name":"Home","item":"https:\/\/housezarko.com\/"},{"@type":"ListItem","position":2,"name":"Contact"}]},{"@type":"WebSite","@id":"https:\/\/housezarko.com\/#website","url":"https:\/\/housezarko.com\/","name":"House Zarko","description":"","potentialAction":[{"@type":"SearchAction","target":{"@type":"EntryPoint","urlTemplate":"https:\/\/housezarko.com\/?s={search_term_string}"},"query-input":"required name=search_term_string"}],"inLanguage":"en-US"}]}},"_links":{"self":[{"href":"https:\/\/housezarko.com\/index.php?rest_route=\/wp\/v2\/pages\/1978"}],"collection":[{"href":"https:\/\/housezarko.com\/index.php?rest_route=\/wp\/v2\/pages"}],"about":[{"href":"https:\/\/housezarko.com\/index.php?rest_route=\/wp\/v2\/types\/page"}],"author":[{"embeddable":true,"href":"https:\/\/housezarko.com\/index.php?rest_route=\/wp\/v2\/users\/1"}],"replies":[{"embeddable":true,"href":"https:\/\/housezarko.com\/index.php?rest_route=%2Fwp%2Fv2%2Fcomments&post=1978"}],"version-history":[{"count":9,"href":"https:\/\/housezarko.com\/index.php?rest_route=\/wp\/v2\/pages\/1978\/revisions"}],"predecessor-version":[{"id":3239,"href":"https:\/\/housezarko.com\/index.php?rest_route=\/wp\/v2\/pages\/1978\/revisions\/3239"}],"wp:attachment":[{"href":"https:\/\/housezarko.com\/index.php?rest_route=%2Fwp%2Fv2%2Fmedia&parent=1978"}],"curies":[{"name":"wp","href":"https:\/\/api.w.org\/{rel}","templated":true}]}}